{"id":217,"date":"2014-09-04T10:29:33","date_gmt":"2014-09-04T10:29:33","guid":{"rendered":"http:\/\/aschi.solyfx.ch\/wordpress\/?page_id=217"},"modified":"2021-02-08T15:59:32","modified_gmt":"2021-02-08T15:59:32","slug":"der-kunstler","status":"publish","type":"page","link":"http:\/\/art-agi.ch\/?page_id=217","title":{"rendered":"Aschi"},"content":{"rendered":"<p>Ernst &#8220;Aschi&#8221; Glanzmann<br \/>\n<img loading=\"lazy\" decoding=\"async\" class=\"alignnone size-medium wp-image-630\" src=\"http:\/\/art-agi.ch\/wp-content\/uploads\/2017\/12\/aschi_sw_MG_5427-300x300.jpg\" alt=\"\" width=\"300\" height=\"300\" srcset=\"http:\/\/art-agi.ch\/wp-content\/uploads\/2017\/12\/aschi_sw_MG_5427-300x300.jpg 300w, http:\/\/art-agi.ch\/wp-content\/uploads\/2017\/12\/aschi_sw_MG_5427-200x200.jpg 200w, http:\/\/art-agi.ch\/wp-content\/uploads\/2017\/12\/aschi_sw_MG_5427-768x768.jpg 768w, http:\/\/art-agi.ch\/wp-content\/uploads\/2017\/12\/aschi_sw_MG_5427-1024x1024.jpg 1024w\" sizes=\"auto, (max-width: 300px) 100vw, 300px\" \/><\/p>\n<p>Aus der Vernissageansprache in der Galerie N\u00e4ijerehuus Hersiwil vom Freitag 6. M\u00e4rz 2015<\/p>\n<blockquote><p>Wer ist Ernst Glanzmann ? Dieser Name sagt vielen wenig . Wenn man aber von Aschi Glanzmann spricht, wissen die meisten, um wen es sich handelt. F\u00fcr sein kreatives Schaffen steht ihm im Untergeschoss seines Wohnhauses an der Heidenhubelstrasse in Solothurn ein schmuckes Atelier zur Verf\u00fcgung.<br \/>\nBei der Vorstellung dieses K\u00fcnstlers, verbunden mit einem Blick auf sein k\u00fcnstlerisches Schaffen in den vergangenen Jahren, ist es fast unm\u00f6glich, Themen wie die Musik, k\u00fcnstlerisches Gestalten oder auch die Mode auszublenden. Alte Aufnahmen lassen zudem vermuten, dass es die sogenannte Zeit der Blumenkinder oder anders gesagt die Hippiegeneration war, die in seinem k\u00fcnstlerischen Schaffen erste Werken haben entstehen lassen.<br \/>\nSchon als kleiner Junge wollte er &#8211; zum Leidwesen seines Vaters &#8211; immer wieder in das Kunstmuseum, um dort Werke alter K\u00fcnstler bestaunen zu k\u00f6nnen.<br \/>\nMit seiner Ausbildung zum Schaufensterdekorateur und Plakatmaler hat er einen ersten Grundstein zu seiner k\u00fcnstlerischen Laufbahn gelegt. Verbunden mit der Weiterbildung in Innenarchitektur und dem Besuch von Kursen zu verschiedensten Malpraktiken bei K\u00fcnstlern im Bereich Grafik und Malen konnte er sein Wissen und Wirken abrunden. Seine kreativen Gene konnte er aber in der folgenden Zeit auch in seinen Modeboutiquen bestens einbringen.<br \/>\nDie Musik liess ihn aber auch in den folgenden Jahren nicht los. Sie ist bis heute immer noch sein gr\u00f6sster Motivator. Es durfte und darf aber nicht irgendeine Musik sein, nein es musste und muss so richtig rocken und t\u00e4tschen. So ist es nicht verwunderlich, dass sich Musik wie zum Beispiel jene von Deep Purple, Pink Floyd aber auch von Jethro Tull in Form von kr\u00e4ftigen Farben, aber auch geometrischen, schn\u00f6rkellosen Linien in den Bildern wiederfinden l\u00e4sst.<br \/>\nDie im Verlauf der Jahre entstandene Anzahl Kunstwerke w\u00fcrde gut und gerne f\u00fcr mehrere Ausstellungen reichen. In der Anfangszeit seines Schaffens war es die Aktmalerei , die ihn faszinierte. Sp\u00e4ter, auf der Suche nach neuen, f\u00fcr ihn interessanten Maltechniken machte er halt bei den verschiedensten Richtungen. So begleiteten ihn auf seiner weiteren k\u00fcnstlerischen Laufbahn Stilrichtungen wie naturalistisch, surrealistisch ,Kohlenzeichnungen aber auch Aquarell. Dies alles ist sehr gut in den Bildern der jeweiligen zeitlichen Zyklen sichtbar.<br \/>\nBereits im Jahre 1968 &#8211; also vor \u00fcber 40 Jahren &#8211; konnten die ersten Werke von Aschi im Restaurant Chutz in Solothurn bestaunt werden. Auch hier wieder steht die Musik an seiner Seite, ist doch das Restaurant Chutz bekannt auch f\u00fcr seine Konzertveranstaltungen .<br \/>\nBei vielen weitere Ausstellungen und Anl\u00e4ssen konnte er sein Wirken und sein Schaffen einem breiten Publikum zeigen. Speziell und sicher besonders erw\u00e4hnenswert waren die Ausstellungen in den Privatr\u00e4umen seiner Liegenschaft an der Heidenhubelstrasse. Diese Ausstellungen waren eine erste Hommage an Freunde und Bekannte, die ihn als K\u00fcnstler in all den Jahren seiner Schaffenszeit begleiteten.<\/p><\/blockquote>\n<p>Werdegang<\/p>\n<table style=\"height: 266px;\" width=\"1084\">\n<tbody>\n<tr>\n<td width=\"73\">1965-1966<\/td>\n<td width=\"380\">Kunstgewerbeschule Basel<\/td>\n<\/tr>\n<tr>\n<td width=\"73\">1966-1970<\/td>\n<td width=\"380\">Ausbildung zum Schaufensterdekorateur und Schriftenmaler, Praktika bei verschiedenen K\u00fcnstlern und Malern<\/td>\n<\/tr>\n<tr>\n<td width=\"73\">1972-1975<\/td>\n<td width=\"380\">Ausbilung zum Innenarchitekten<\/td>\n<\/tr>\n<tr>\n<td width=\"73\">1976-1989<\/td>\n<td width=\"380\">Inhaber von vier Modeboutiquen<\/td>\n<\/tr>\n<tr>\n<td width=\"73\">1990-1998<\/td>\n<td width=\"380\">Aussendienst Pepe Jeans, Driver und Cool Face<\/td>\n<\/tr>\n<tr>\n<td width=\"73\">1998-2012<\/td>\n<td width=\"380\">Aussendienst Spezialverpackungen<\/td>\n<\/tr>\n<tr>\n<td width=\"73\">ab 2012<\/td>\n<td width=\"380\">Malerei, Hobbies und Familie<\/td>\n<\/tr>\n<\/tbody>\n<\/table>\n<p>&nbsp;<\/p>\n","protected":false},"excerpt":{"rendered":"<p>Ernst &#8220;Aschi&#8221; Glanzmann Aus der Vernissageansprache in der Galerie N\u00e4ijerehuus Hersiwil vom Freitag 6. M\u00e4rz 2015 Wer ist Ernst Glanzmann ? Dieser Name sagt vielen wenig . Wenn man aber von Aschi Glanzmann spricht, wissen die meisten, um wen es sich handelt. F\u00fcr sein kreatives Schaffen steht ihm im Untergeschoss seines Wohnhauses an der Heidenhubelstrasse&#8230;<\/p>\n","protected":false},"author":2,"featured_media":0,"parent":0,"menu_order":0,"comment_status":"closed","ping_status":"closed","template":"","meta":{"footnotes":""},"class_list":["post-217","page","type-page","status-publish","hentry"],"_links":{"self":[{"href":"http:\/\/art-agi.ch\/index.php?rest_route=\/wp\/v2\/pages\/217","targetHints":{"allow":["GET"]}}],"collection":[{"href":"http:\/\/art-agi.ch\/index.php?rest_route=\/wp\/v2\/pages"}],"about":[{"href":"http:\/\/art-agi.ch\/index.php?rest_route=\/wp\/v2\/types\/page"}],"author":[{"embeddable":true,"href":"http:\/\/art-agi.ch\/index.php?rest_route=\/wp\/v2\/users\/2"}],"replies":[{"embeddable":true,"href":"http:\/\/art-agi.ch\/index.php?rest_route=%2Fwp%2Fv2%2Fcomments&post=217"}],"version-history":[{"count":23,"href":"http:\/\/art-agi.ch\/index.php?rest_route=\/wp\/v2\/pages\/217\/revisions"}],"predecessor-version":[{"id":872,"href":"http:\/\/art-agi.ch\/index.php?rest_route=\/wp\/v2\/pages\/217\/revisions\/872"}],"wp:attachment":[{"href":"http:\/\/art-agi.ch\/index.php?rest_route=%2Fwp%2Fv2%2Fmedia&parent=217"}],"curies":[{"name":"wp","href":"https:\/\/api.w.org\/{rel}","templated":true}]}}