{"id":862,"date":"2021-02-07T08:49:47","date_gmt":"2021-02-07T08:49:47","guid":{"rendered":"http:\/\/art-agi.ch\/?page_id=862"},"modified":"2021-02-12T19:51:54","modified_gmt":"2021-02-12T19:51:54","slug":"x-art","status":"publish","type":"page","link":"http:\/\/art-agi.ch\/?page_id=862","title":{"rendered":"X.Art"},"content":{"rendered":"\n<p>Im Jahr 2017 wurde das K\u00fcnstlerkollektiv <a href=\"http:\/\/www.xpunktart.ch\">X.Art<\/a> gegr\u00fcndet. Es besteht heute aus Thomas Zahnd, Markus Dominkovits, Natascha Ortega, Joschi Schacher und Aschi Glanzmann und organisiert in regelm\u00e4ssigen Abst\u00e4nden Ausstellungen, so wie zuletzt Ende 2020 in der Galerie N\u00e4ijereHuus, Hersiwil. <\/p>\n\n\n\n<figure class=\"wp-block-image size-large is-style-rounded\"><img loading=\"lazy\" decoding=\"async\" width=\"1024\" height=\"721\" src=\"http:\/\/art-agi.ch\/wp-content\/uploads\/2021\/02\/Flyer-1024x721.jpg\" alt=\"\" class=\"wp-image-863\" srcset=\"http:\/\/art-agi.ch\/wp-content\/uploads\/2021\/02\/Flyer-1024x721.jpg 1024w, http:\/\/art-agi.ch\/wp-content\/uploads\/2021\/02\/Flyer-300x211.jpg 300w, http:\/\/art-agi.ch\/wp-content\/uploads\/2021\/02\/Flyer-768x541.jpg 768w, http:\/\/art-agi.ch\/wp-content\/uploads\/2021\/02\/Flyer-1536x1081.jpg 1536w, http:\/\/art-agi.ch\/wp-content\/uploads\/2021\/02\/Flyer.jpg 1894w\" sizes=\"auto, (max-width: 1024px) 100vw, 1024px\" \/><figcaption><a href=\"http:\/\/www.xpunktart.ch\">http:\/\/www.xpunktart.ch<\/a><\/figcaption><\/figure>\n","protected":false},"excerpt":{"rendered":"<p>Im Jahr 2017 wurde das K\u00fcnstlerkollektiv X.Art gegr\u00fcndet. Es besteht heute aus Thomas Zahnd, Markus Dominkovits, Natascha Ortega, Joschi Schacher und Aschi Glanzmann und organisiert in regelm\u00e4ssigen Abst\u00e4nden Ausstellungen, so wie zuletzt Ende 2020 in der Galerie N\u00e4ijereHuus, Hersiwil.<\/p>\n","protected":false},"author":3,"featured_media":0,"parent":0,"menu_order":0,"comment_status":"closed","ping_status":"closed","template":"","meta":{"footnotes":""},"class_list":["post-862","page","type-page","status-publish","hentry"],"_links":{"self":[{"href":"http:\/\/art-agi.ch\/index.php?rest_route=\/wp\/v2\/pages\/862","targetHints":{"allow":["GET"]}}],"collection":[{"href":"http:\/\/art-agi.ch\/index.php?rest_route=\/wp\/v2\/pages"}],"about":[{"href":"http:\/\/art-agi.ch\/index.php?rest_route=\/wp\/v2\/types\/page"}],"author":[{"embeddable":true,"href":"http:\/\/art-agi.ch\/index.php?rest_route=\/wp\/v2\/users\/3"}],"replies":[{"embeddable":true,"href":"http:\/\/art-agi.ch\/index.php?rest_route=%2Fwp%2Fv2%2Fcomments&post=862"}],"version-history":[{"count":2,"href":"http:\/\/art-agi.ch\/index.php?rest_route=\/wp\/v2\/pages\/862\/revisions"}],"predecessor-version":[{"id":873,"href":"http:\/\/art-agi.ch\/index.php?rest_route=\/wp\/v2\/pages\/862\/revisions\/873"}],"wp:attachment":[{"href":"http:\/\/art-agi.ch\/index.php?rest_route=%2Fwp%2Fv2%2Fmedia&parent=862"}],"curies":[{"name":"wp","href":"https:\/\/api.w.org\/{rel}","templated":true}]}}